{"id":2288,"date":"2017-12-07T02:25:11","date_gmt":"2017-12-07T02:25:11","guid":{"rendered":"http:\/\/ninzio.com\/agrikole\/?page_id=2288"},"modified":"2020-05-26T17:55:27","modified_gmt":"2020-05-26T14:55:27","slug":"projeler","status":"publish","type":"page","link":"https:\/\/stgendustri.com\/?page_id=2288","title":{"rendered":"Projeler"},"content":{"rendered":"<div class=\"wpb-content-wrapper\"><p>[vc_row][vc_column]\r\n\t<div class=\"agrikole-spacer clearfix\" data-desktop=\"120\" data-mobi=\"60\" data-smobi=\"60\"><\/div>\r\n<div class=\"agrikole-project-grid  image-rounded\" data-layout=\"masonry\" data-column=\"3\" data-column2=\"3\" data-column3=\"2\" data-column4=\"1\" data-gaph=\"30\" data-gapv=\"30\" data-filter=\"\">\r\n<div style=\"\">\r\n\r\n\t\r\n\t\t<div id=\"portfolio\" class=\"cbp\">\r\n\t\t    \r\n\t            <div class=\"cbp-item farm healthy \">\r\n\t\t\t\t\t<div class=\"project-box\">\r\n\t\t\t\t\t\t<div class=\"inner\">\r\n\t\t\t\t\t\t\t<div class=\"project-image\"><img loading=\"lazy\" decoding=\"async\" width=\"472\" height=\"603\" src=\"https:\/\/stgendustri.com\/wp-content\/uploads\/2020\/02\/project2.jpg\" class=\"attachment-agrikole-full size-agrikole-full wp-post-image\" alt=\"\" srcset=\"https:\/\/stgendustri.com\/wp-content\/uploads\/2020\/02\/project2.jpg 472w, https:\/\/stgendustri.com\/wp-content\/uploads\/2020\/02\/project2-235x300.jpg 235w\" sizes=\"(max-width: 472px) 100vw, 472px\" \/><div class=\"title-wrap\" style=\"\"><h4 class=\"title\"><a href=\"https:\/\/stgendustri.com\/?project=organik-tarim-kume-projesi-5\" title=\"Organik Tar\u0131m\r\nK\u00fcme Projesi\">Organik Tar\u0131m\r\nK\u00fcme Projesi<\/a><\/h4><\/div><div class=\"project-text\" style=\"\"><h4 class=\"title\"><a href=\"https:\/\/stgendustri.com\/?project=organik-tarim-kume-projesi-5\" title=\"Organik Tar\u0131m\r\nK\u00fcme Projesi\">Organik Tar\u0131m\r\nK\u00fcme Projesi<\/a><\/h4><div class=\"desc\">\u0130lk y\u0131l i\u00e7inde ger\u00e7ekle\u015ftirilmesi planlanan t\u00fcm bu aktiviteler genel analitik \u00e7er\u00e7evenin geli\u015ftirilmesi hedefine y\u00f6nelik olup, hedefe dayal\u0131 planlama ve uygulama a\u015famalar\u0131 bunu takiben programlanacakt\u0131r.<\/div><div class=\"button\"><a href=\"https:\/\/stgendustri.com\/?project=organik-tarim-kume-projesi-5\">Read More<\/a><\/div><div class=\"arrow\"><a href=\"https:\/\/stgendustri.com\/?project=organik-tarim-kume-projesi-5\"><span class=\"core-icon-next\"><\/span><\/a><\/div><\/div><\/div>\t\t                <\/div>\r\n\t\t\t\t\t<\/div><!-- \/.project-box -->\r\n\t            <\/div><!-- \/.cbp-item -->\r\n\t\t\t\r\n\t            <div class=\"cbp-item farm healthy \">\r\n\t\t\t\t\t<div class=\"project-box\">\r\n\t\t\t\t\t\t<div class=\"inner\">\r\n\t\t\t\t\t\t\t<div class=\"project-image\"><img loading=\"lazy\" decoding=\"async\" width=\"472\" height=\"603\" src=\"https:\/\/stgendustri.com\/wp-content\/uploads\/2020\/02\/project3.jpg\" class=\"attachment-agrikole-full size-agrikole-full wp-post-image\" alt=\"\" srcset=\"https:\/\/stgendustri.com\/wp-content\/uploads\/2020\/02\/project3.jpg 472w, https:\/\/stgendustri.com\/wp-content\/uploads\/2020\/02\/project3-235x300.jpg 235w\" sizes=\"(max-width: 472px) 100vw, 472px\" \/><div class=\"title-wrap\" style=\"\"><h4 class=\"title\"><a href=\"https:\/\/stgendustri.com\/?project=organik-tarim-kume-projesi-4\" title=\"Organik Tar\u0131m\r\nK\u00fcme Projesi\">Organik Tar\u0131m\r\nK\u00fcme Projesi<\/a><\/h4><\/div><div class=\"project-text\" style=\"\"><h4 class=\"title\"><a href=\"https:\/\/stgendustri.com\/?project=organik-tarim-kume-projesi-4\" title=\"Organik Tar\u0131m\r\nK\u00fcme Projesi\">Organik Tar\u0131m\r\nK\u00fcme Projesi<\/a><\/h4><div class=\"desc\">\u0130lk y\u0131l i\u00e7inde ger\u00e7ekle\u015ftirilmesi planlanan t\u00fcm bu aktiviteler genel analitik \u00e7er\u00e7evenin geli\u015ftirilmesi hedefine y\u00f6nelik olup, hedefe dayal\u0131 planlama ve uygulama a\u015famalar\u0131 bunu takiben programlanacakt\u0131r.<\/div><div class=\"button\"><a href=\"https:\/\/stgendustri.com\/?project=organik-tarim-kume-projesi-4\">Read More<\/a><\/div><div class=\"arrow\"><a href=\"https:\/\/stgendustri.com\/?project=organik-tarim-kume-projesi-4\"><span class=\"core-icon-next\"><\/span><\/a><\/div><\/div><\/div>\t\t                <\/div>\r\n\t\t\t\t\t<\/div><!-- \/.project-box -->\r\n\t            <\/div><!-- \/.cbp-item -->\r\n\t\t\t\r\n\t            <div class=\"cbp-item farm healthy \">\r\n\t\t\t\t\t<div class=\"project-box\">\r\n\t\t\t\t\t\t<div class=\"inner\">\r\n\t\t\t\t\t\t\t<div class=\"project-image\"><img loading=\"lazy\" decoding=\"async\" width=\"472\" height=\"603\" src=\"https:\/\/stgendustri.com\/wp-content\/uploads\/2020\/02\/project6.jpg\" class=\"attachment-agrikole-full size-agrikole-full wp-post-image\" alt=\"\" srcset=\"https:\/\/stgendustri.com\/wp-content\/uploads\/2020\/02\/project6.jpg 472w, https:\/\/stgendustri.com\/wp-content\/uploads\/2020\/02\/project6-235x300.jpg 235w\" sizes=\"(max-width: 472px) 100vw, 472px\" \/><div class=\"title-wrap\" style=\"\"><h4 class=\"title\"><a href=\"https:\/\/stgendustri.com\/?project=organik-tarim-kume-projesi-3\" title=\"Organik Tar\u0131m\r\nK\u00fcme Projesi\">Organik Tar\u0131m\r\nK\u00fcme Projesi<\/a><\/h4><\/div><div class=\"project-text\" style=\"\"><h4 class=\"title\"><a href=\"https:\/\/stgendustri.com\/?project=organik-tarim-kume-projesi-3\" title=\"Organik Tar\u0131m\r\nK\u00fcme Projesi\">Organik Tar\u0131m\r\nK\u00fcme Projesi<\/a><\/h4><div class=\"desc\">\u0130lk y\u0131l i\u00e7inde ger\u00e7ekle\u015ftirilmesi planlanan t\u00fcm bu aktiviteler genel analitik \u00e7er\u00e7evenin geli\u015ftirilmesi hedefine y\u00f6nelik olup, hedefe dayal\u0131 planlama ve uygulama a\u015famalar\u0131 bunu takiben programlanacakt\u0131r.<\/div><div class=\"button\"><a href=\"https:\/\/stgendustri.com\/?project=organik-tarim-kume-projesi-3\">Read More<\/a><\/div><div class=\"arrow\"><a href=\"https:\/\/stgendustri.com\/?project=organik-tarim-kume-projesi-3\"><span class=\"core-icon-next\"><\/span><\/a><\/div><\/div><\/div>\t\t                <\/div>\r\n\t\t\t\t\t<\/div><!-- \/.project-box -->\r\n\t            <\/div><!-- \/.cbp-item -->\r\n\t\t\t\r\n\t            <div class=\"cbp-item farm healthy \">\r\n\t\t\t\t\t<div class=\"project-box\">\r\n\t\t\t\t\t\t<div class=\"inner\">\r\n\t\t\t\t\t\t\t<div class=\"project-image\"><img loading=\"lazy\" decoding=\"async\" width=\"472\" height=\"603\" src=\"https:\/\/stgendustri.com\/wp-content\/uploads\/2020\/02\/project4.jpg\" class=\"attachment-agrikole-full size-agrikole-full wp-post-image\" alt=\"\" srcset=\"https:\/\/stgendustri.com\/wp-content\/uploads\/2020\/02\/project4.jpg 472w, https:\/\/stgendustri.com\/wp-content\/uploads\/2020\/02\/project4-235x300.jpg 235w\" sizes=\"(max-width: 472px) 100vw, 472px\" \/><div class=\"title-wrap\" style=\"\"><h4 class=\"title\"><a href=\"https:\/\/stgendustri.com\/?project=organik-tarim-kume-projesi-2\" title=\"Organik Tar\u0131m\r\nK\u00fcme Projesi\">Organik Tar\u0131m\r\nK\u00fcme Projesi<\/a><\/h4><\/div><div class=\"project-text\" style=\"\"><h4 class=\"title\"><a href=\"https:\/\/stgendustri.com\/?project=organik-tarim-kume-projesi-2\" title=\"Organik Tar\u0131m\r\nK\u00fcme Projesi\">Organik Tar\u0131m\r\nK\u00fcme Projesi<\/a><\/h4><div class=\"desc\">\u0130lk y\u0131l i\u00e7inde ger\u00e7ekle\u015ftirilmesi planlanan t\u00fcm bu aktiviteler genel analitik \u00e7er\u00e7evenin geli\u015ftirilmesi hedefine y\u00f6nelik olup, hedefe dayal\u0131 planlama ve uygulama a\u015famalar\u0131 bunu takiben programlanacakt\u0131r.<\/div><div class=\"button\"><a href=\"https:\/\/stgendustri.com\/?project=organik-tarim-kume-projesi-2\">Read More<\/a><\/div><div class=\"arrow\"><a href=\"https:\/\/stgendustri.com\/?project=organik-tarim-kume-projesi-2\"><span class=\"core-icon-next\"><\/span><\/a><\/div><\/div><\/div>\t\t                <\/div>\r\n\t\t\t\t\t<\/div><!-- \/.project-box -->\r\n\t            <\/div><!-- \/.cbp-item -->\r\n\t\t\t\r\n\t            <div class=\"cbp-item farm healthy \">\r\n\t\t\t\t\t<div class=\"project-box\">\r\n\t\t\t\t\t\t<div class=\"inner\">\r\n\t\t\t\t\t\t\t<div class=\"project-image\"><img loading=\"lazy\" decoding=\"async\" width=\"570\" height=\"765\" src=\"https:\/\/stgendustri.com\/wp-content\/uploads\/2020\/02\/k\u00fcme33.png\" class=\"attachment-agrikole-full size-agrikole-full wp-post-image\" alt=\"\" srcset=\"https:\/\/stgendustri.com\/wp-content\/uploads\/2020\/02\/k\u00fcme33.png 570w, https:\/\/stgendustri.com\/wp-content\/uploads\/2020\/02\/k\u00fcme33-224x300.png 224w\" sizes=\"(max-width: 570px) 100vw, 570px\" \/><div class=\"title-wrap\" style=\"\"><h4 class=\"title\"><a href=\"https:\/\/stgendustri.com\/?project=project-1\" title=\"Organik Tar\u0131m\r\nK\u00fcme Projesi\">Organik Tar\u0131m\r\nK\u00fcme Projesi<\/a><\/h4><\/div><div class=\"project-text\" style=\"\"><h4 class=\"title\"><a href=\"https:\/\/stgendustri.com\/?project=project-1\" title=\"Organik Tar\u0131m\r\nK\u00fcme Projesi\">Organik Tar\u0131m\r\nK\u00fcme Projesi<\/a><\/h4><div class=\"desc\">\u0130lk y\u0131l i\u00e7inde ger\u00e7ekle\u015ftirilmesi planlanan t\u00fcm bu aktiviteler genel analitik \u00e7er\u00e7evenin geli\u015ftirilmesi hedefine y\u00f6nelik olup, hedefe dayal\u0131 planlama ve uygulama a\u015famalar\u0131 bunu takiben programlanacakt\u0131r.<\/div><div class=\"button\"><a href=\"https:\/\/stgendustri.com\/?project=project-1\">Read More<\/a><\/div><div class=\"arrow\"><a href=\"https:\/\/stgendustri.com\/?project=project-1\"><span class=\"core-icon-next\"><\/span><\/a><\/div><\/div><\/div>\t\t                <\/div>\r\n\t\t\t\t\t<\/div><!-- \/.project-box -->\r\n\t            <\/div><!-- \/.cbp-item -->\r\n\t\t\t\t\t<\/div><!-- \/#portfolio -->\r\n\r\n\t\t\t\r\n\t\r\n<\/div>\r\n<\/div><!-- \/.agrikole-project -->\r\n\r\n\r\n\t<div class=\"agrikole-spacer clearfix\" data-desktop=\"120\" data-mobi=\"60\" data-smobi=\"60\"><\/div>[\/vc_column][\/vc_row]<\/p>\n<\/div>","protected":false},"excerpt":{"rendered":"<p>[vc_row][vc_column][\/vc_column][\/vc_row]<\/p>\n","protected":false},"author":4,"featured_media":0,"parent":0,"menu_order":0,"comment_status":"closed","ping_status":"closed","template":"","meta":{"footnotes":""},"_links":{"self":[{"href":"https:\/\/stgendustri.com\/index.php?rest_route=\/wp\/v2\/pages\/2288"}],"collection":[{"href":"https:\/\/stgendustri.com\/index.php?rest_route=\/wp\/v2\/pages"}],"about":[{"href":"https:\/\/stgendustri.com\/index.php?rest_route=\/wp\/v2\/types\/page"}],"author":[{"embeddable":true,"href":"https:\/\/stgendustri.com\/index.php?rest_route=\/wp\/v2\/users\/4"}],"replies":[{"embeddable":true,"href":"https:\/\/stgendustri.com\/index.php?rest_route=%2Fwp%2Fv2%2Fcomments&post=2288"}],"version-history":[{"count":1,"href":"https:\/\/stgendustri.com\/index.php?rest_route=\/wp\/v2\/pages\/2288\/revisions"}],"predecessor-version":[{"id":14531,"href":"https:\/\/stgendustri.com\/index.php?rest_route=\/wp\/v2\/pages\/2288\/revisions\/14531"}],"wp:attachment":[{"href":"https:\/\/stgendustri.com\/index.php?rest_route=%2Fwp%2Fv2%2Fmedia&parent=2288"}],"curies":[{"name":"wp","href":"https:\/\/api.w.org\/{rel}","templated":true}]}}