{"id":1316,"date":"2017-10-16T04:10:26","date_gmt":"2017-10-16T04:10:26","guid":{"rendered":"http:\/\/ninzio.com\/agrikole\/?page_id=1316"},"modified":"2022-08-30T13:55:30","modified_gmt":"2022-08-30T10:55:30","slug":"hakkimizda","status":"publish","type":"page","link":"https:\/\/stgendustri.com\/?page_id=1316","title":{"rendered":"HAKKIMIZDA"},"content":{"rendered":"<div class=\"wpb-content-wrapper\"><p>[vc_row el_class=&#8221;overflow-visible&#8221;][vc_column]\r\n\t<div class=\"agrikole-spacer clearfix\" data-desktop=\"110\" data-mobi=\"60\" data-smobi=\"60\"><\/div>[vc_row_inner][vc_column_inner width=&#8221;1\/2&#8243;]<div class=\"agrikole-headings clearfix \" data-font=70 data-mfont=60 style=\"\"><div class=\"pre-heading clearfix\" style=\"font-weight:600;color:#5b8c51;font-size:14px;letter-spacing:3px;\">\r\n\t\tRONESANS GIDA HAKKINDA\r\n\t<\/div><h2 class=\"heading clearfix \" style=\"line-height:70px;font-size:70px;\">\r\n\t\tORGAN\u0130K TARIM ADINA<br \/>\nEN \u0130Y\u0130S\u0130N\u0130 SA\u011eLIYORUZ\r\n\t<\/h2><div class=\"sep clearfix\" style=\"margin:5px 0 0;\">\r\n\t\t\t\t<img decoding=\"async\" alt=\"image\" src=\"https:\/\/stgendustri.com\/wp-content\/uploads\/2020\/01\/separator.png\">\r\n\t\t\t<\/div><\/div>[\/vc_column_inner][vc_column_inner width=&#8221;1\/2&#8243;]\r\n\t<div class=\"agrikole-spacer clearfix\" data-desktop=\"37\" data-mobi=\"37\" data-smobi=\"37\"><\/div>[vc_column_text]<span>Organik tar\u0131m, t\u00fcm canl\u0131lara ve \u00e7evreye \u00a0dost \u00fcretim sistemlerini i\u00e7eren; yeti\u015ftiricilikte, insana ve \u00e7evreye \u00a0zararl\u0131 sentetik kimyasal ila\u00e7, hormon ve g\u00fcbrenin kullan\u0131lmad\u0131\u011f\u0131 bir \u00a0tar\u0131m y\u00f6ntemi. Ancak organik tar\u0131m\u0131n, sadece tar\u0131msal girdi y\u00f6ntemiyle \u00a0s\u0131n\u0131rland\u0131r\u0131lmas\u0131 do\u011fru olmaz. Organik tar\u0131m, ayn\u0131 zamanda \u00e7ift\u00e7ili\u011fin \u00a0y\u00f6netiminden \u00fcr\u00fcnlerin pazarlanmas\u0131na kadar, kendi \u00f6zel prensip ve \u00a0uygulamalar\u0131 olan, s\u00fcrd\u00fcr\u00fclebilir ve izlenebilir bir tar\u0131m y\u00f6ntemi.<\/span>[\/vc_column_text][\/vc_column_inner][\/vc_row_inner]\r\n\t<div class=\"agrikole-spacer clearfix\" data-desktop=\"55\" data-mobi=\"30\" data-smobi=\"30\"><\/div>[vc_row_inner equal_height=&#8221;yes&#8221;][vc_column_inner width=&#8221;2\/3&#8243;]<div class=\"agrikole-images-grid clearfix\" data-layout=\"grid\" data-column=\"4\" data-column2=\"3\" data-column3=\"2\" data-column4=\"1\" data-gaph=\"30\" data-gapv=\"30\"><div id=\"images-wrap\" class=\"cbp\"><div class=\"cbp-item\"><div class=\"item-wrap\" style=\"border-radius:5px;overflow:hidden;\"><a class=\"zoom-popup cbp-lightbox\" href=\"https:\/\/stgendustri.com\/wp-content\/uploads\/2020\/02\/about-img1.jpg\"><\/a><img decoding=\"async\" src=\"https:\/\/stgendustri.com\/wp-content\/uploads\/2020\/02\/about-img1.jpg\" alt=\"image\" \/><\/div><\/div><div class=\"cbp-item\"><div class=\"item-wrap\" style=\"border-radius:5px;overflow:hidden;\"><a class=\"zoom-popup cbp-lightbox\" href=\"https:\/\/stgendustri.com\/wp-content\/uploads\/2020\/02\/about-img2.jpg\"><\/a><img decoding=\"async\" src=\"https:\/\/stgendustri.com\/wp-content\/uploads\/2020\/02\/about-img2.jpg\" alt=\"image\" \/><\/div><\/div><\/div><\/div>\r\n\t<div class=\"agrikole-spacer clearfix\" data-desktop=\"0\" data-mobi=\"30\" data-smobi=\"30\"><\/div>[\/vc_column_inner][vc_column_inner width=&#8221;1\/3&#8243;]<div class=\"agrikole-content-box clearfix overflow-hidden\" data-padding=\"131px 40px 131px\" data-mobipadding=\"131px 40px 131px\" data-margin=\"\" data-mobimargin=\"\" >\r\n\t\t<div class=\"inner ctb-1033336443\" style=\"background:url(https:\/\/stgendustri.com\/wp-content\/uploads\/2020\/02\/about-img3.jpg) left top no-repeat;background-size:cover;\"  data-background=\"\" data-rounded=\"5px\" data-border-style=\"solid\" data-border-style-hover=\"solid\">\r\n\t\t\t[vc_column_text]<\/p>\n<h3 style=\"font-size: 50px; line-height: 70px; color: #eddd5e; text-align: center;\">2 YILLIK ORGAN\u0130K TARIM DENEY\u0130M\u0130M\u0130Z<\/h3>\n<p>[\/vc_column_text]\r\n\t\t<\/div>\r\n\t<\/div>[\/vc_column_inner][\/vc_row_inner]\r\n\t<div class=\"agrikole-spacer clearfix\" data-desktop=\"120\" data-mobi=\"60\" data-smobi=\"60\"><\/div>[\/vc_column][\/vc_row][vc_row full_width=&#8221;stretch_row&#8221; parallax=&#8221;content-moving&#8221; css=&#8221;.vc_custom_1579348726306{background-image: url(http:\/\/ninzio.com\/agrikole\/wp-content\/uploads\/2020\/01\/section-bg1-2.jpg?id=13131) !important;background-position: center;background-repeat: no-repeat;background-size:cover;}&#8221;][vc_column]\r\n\t<div class=\"agrikole-spacer clearfix\" data-desktop=\"135\" data-mobi=\"60\" data-smobi=\"60\"><\/div><div class=\"agrikole-video-icon clearfix accent text-center big\" >\r\n\t\t<a class=\"icon-wrap popup-video\" href=\"#\">\r\n\t\tplay<span class=\"circle\"><\/span><\/a>\r\n\t<\/div>\r\n\t<div class=\"agrikole-spacer clearfix\" data-desktop=\"62\" data-mobi=\"40\" data-smobi=\"40\"><\/div><div class=\"agrikole-headings clearfix text-center\" data-font=100 data-mfont=66 style=\"\"><div class=\"pre-heading clearfix\" style=\"font-weight:600;color:#eddd5e;font-size:18px;letter-spacing:3px;\">\r\n\t\tMODERN TARIM \u00c7E\u015e\u0130TLER\u0130\r\n\t<\/div><h2 class=\"heading clearfix \" style=\"color:#ffffff;max-width:800px;margin-left: auto; margin-right: auto;line-height:100px;margin-top:16px;font-size:100px;\">\r\n\t\tTARIM GEL\u0130\u015e\u0130M\u0130N GELECE\u011e\u0130 \u0130\u00c7\u0130N \u00d6NEML\u0130D\u0130R\r\n\t<\/h2><\/div>\r\n\t<div class=\"agrikole-spacer clearfix\" data-desktop=\"110\" data-mobi=\"60\" data-smobi=\"60\"><\/div>[\/vc_column][\/vc_row][vc_row full_width=&#8221;stretch_row&#8221; css=&#8221;.vc_custom_1582081388323{background-color: #f5f0e9 !important;}&#8221;][vc_column]\r\n\t<div class=\"agrikole-spacer clearfix\" data-desktop=\"120\" data-mobi=\"60\" data-smobi=\"60\"><\/div>[vc_row_inner][vc_column_inner width=&#8221;1\/2&#8243;]<div class=\"agrikole-simple-image simple \" style=\"border-radius:5px;overflow:hidden;\">\r\n\t\t\t\t<img decoding=\"async\" alt=\"image\" src=\"https:\/\/stgendustri.com\/wp-content\/uploads\/2020\/05\/organic-GALER\u0130.png\" \/> \r\n\t\t\t<\/div>[\/vc_column_inner][vc_column_inner width=&#8221;1\/2&#8243;][\/vc_column_inner][\/vc_row_inner][\/vc_column][\/vc_row][vc_row][vc_column][vc_row_inner][vc_column_inner width=&#8221;1\/2&#8243;]<div class=\"agrikole-content-box clearfix \" data-padding=\"39px 60px\" data-mobipadding=\"39px 60px\" data-margin=\"-112px 0 0 30px\" data-mobimargin=\"-112px 0 0 30px\" >\r\n\t\t<div class=\"inner ctb-2036481484 accent\" style=\" width:270px;\"  data-rounded=\"5px\" data-border-style=\"solid\" data-border-style-hover=\"solid\">\r\n\t\t\t<div class=\"agrikole-headings clearfix \" data-font=60 style=\"\"><h2 class=\"heading clearfix \" style=\"color:#404a3d;line-height:60px;font-size:60px;\">\r\n\t\t40 YEARS\r\n\t<\/h2><div class=\"sub-heading clearfix\">\r\n\t\t<div style=\"color: #404a3d; letter-spacing: 2.5px; font-weight: 600;\">OF EXPERIENCE<\/div>\n\r\n\t<\/div><\/div>\r\n\t\t<\/div>\r\n\t<\/div>\r\n\t<div class=\"agrikole-spacer clearfix\" data-desktop=\"0\" data-mobi=\"0\" data-smobi=\"500\"><\/div>[\/vc_column_inner][vc_column_inner width=&#8221;1\/2&#8243;]<div class=\"agrikole-content-box clearfix \" data-padding=\"110px 120px 120px\" data-mobipadding=\"60px\" data-margin=\"-543px 0px 0px -150px\" data-mobimargin=\"-443px 0px 0px 0px\" >\r\n\t\t<div class=\"inner ctb-1799265610\" style=\"\"  data-background=\"#ffffff\" data-rounded=\"5px\" data-border-style=\"solid\" data-shadow=\" 0px 20px 20px 0px rgba(0,0,0,0.05)\" data-border-style-hover=\"solid\">\r\n\t\t\t<div class=\"agrikole-headings clearfix \" data-font=70 data-mfont=60 style=\"\"><div class=\"pre-heading clearfix\" style=\"font-weight:600;color:#5b8c51;font-size:14px;letter-spacing:3px;\">\r\n\t\tTAZE \u00dcR\u00dcNLER\r\n\t<\/div><h2 class=\"heading clearfix \" style=\"line-height:70px;font-size:70px;\">\r\n\t\tORGAN\u0130K \u00dcR\u00dcNLER\r\n\t<\/h2><div class=\"sep clearfix\" style=\"margin:5px 0 0;\">\r\n\t\t\t\t<img decoding=\"async\" alt=\"image\" src=\"https:\/\/stgendustri.com\/wp-content\/uploads\/2020\/01\/separator.png\">\r\n\t\t\t<\/div><\/div>\r\n\t<div class=\"agrikole-spacer clearfix\" data-desktop=\"35\" data-mobi=\"35\" data-smobi=\"35\"><\/div>[vc_column_text]<span>Organik tar\u0131m, bitki &#8211; toprak ili\u015fkisindeki do\u011fal program gere\u011fi, topra\u011f\u0131 besler.<\/span>[\/vc_column_text]\r\n\t<div class=\"agrikole-spacer clearfix\" data-desktop=\"35\" data-mobi=\"35\" data-smobi=\"35\"><\/div>\r\n\t<div class=\"agrikole-progress clearfix \" style=\"\"><div class=\"title\" style=\"\">Tar\u0131m<\/div> <div class=\"perc-wrap\" style=\"\"><div class=\"perc \" style=\"color:#81d742;\"><span>70%<\/span><\/div><\/div>\r\n\t\t<div class=\"progress-wrap\" style=\"background-color:#f5f0e9;overflow:hidden;border-radius:7px;margin-top:22px;\">\r\n\t\t\t<div class=\"progress-animate \" data-valuemax=\"100\" data-valuemin=\"0\" data-valuenow=\"70\" style=\"background-color:#5b8c51;height:16px;overflow:hidden;border-radius:7px;\">\r\n\t\t\t<\/div>\r\n\t\t<\/div>\r\n\t<\/div>\r\n\t<div class=\"agrikole-spacer clearfix\" data-desktop=\"15\" data-mobi=\"15\" data-smobi=\"15\"><\/div>\r\n\t<div class=\"agrikole-progress clearfix \" style=\"\"><div class=\"title\" style=\"\">Organik<\/div> <div class=\"perc-wrap\" style=\"\"><div class=\"perc \" style=\"color:#81d742;\"><span>89%<\/span><\/div><\/div>\r\n\t\t<div class=\"progress-wrap\" style=\"background-color:#f5f0e9;overflow:hidden;border-radius:7px;margin-top:22px;\">\r\n\t\t\t<div class=\"progress-animate \" data-valuemax=\"100\" data-valuemin=\"0\" data-valuenow=\"89\" style=\"background-color:#5b8c51;height:13px;overflow:hidden;border-radius:7px;\">\r\n\t\t\t<\/div>\r\n\t\t<\/div>\r\n\t<\/div>\r\n\t\t<\/div>\r\n\t<\/div>[\/vc_column_inner][\/vc_row_inner][\/vc_column][\/vc_row][vc_row full_width=&#8221;stretch_row&#8221; css=&#8221;.vc_custom_1582085502643{background-image: url(http:\/\/ninzio.com\/agrikole\/wp-content\/uploads\/2020\/02\/section-bg3.jpg?id=13353) !important;background-position: center !important;background-repeat: no-repeat !important;background-size: cover !important;}&#8221;][vc_column]\r\n\t<div class=\"agrikole-spacer clearfix\" data-desktop=\"107\" data-mobi=\"60\" data-smobi=\"60\"><\/div><div class=\"agrikole-headings clearfix text-center\" data-font=70 data-mfont=60 style=\"\"><h2 class=\"heading clearfix \" style=\"color:#ffffff;max-width:860px;margin-left: auto; margin-right: auto;line-height:82px;margin-bottom:18px;font-size:70px;\">\r\n\t\tHEDEF\u0130M\u0130Z BEKLENT\u0130LER\u0130N\u0130Z\u0130 KAR\u015eILAYAN EN Y\u00dcKSEK KAL\u0130TEL\u0130 \u00dcR\u00dcNLER\u0130 SUNMAK\r\n\t<\/h2><div class=\"sub-heading clearfix\">\r\n\t\t<div style=\"font-size: 20px; color: #fff;\"><span>Do\u011fa ile uyumlu,kaynaklar\u0131 do\u011fru kullanan,s\u00fcrd\u00fcr\u00fclebilir kalk\u0131nmay\u0131 \u00a0hedefleyen,hayvan refah\u0131n\u0131 g\u00f6zeten yeni tar\u0131mal yakla\u015f\u0131mlar t\u00fcm d\u00fcnyada \u00a0yay\u0131lmaya ba\u015flam\u0131\u015ft\u0131r.\u00a0<\/span><\/div>\n\r\n\t<\/div><\/div>\r\n\t<div class=\"agrikole-spacer clearfix\" data-desktop=\"50\" data-mobi=\"40\" data-smobi=\"40\"><\/div><div class=\"agrikole-align-box  mobi-align-center align-center\"><div class=\"button-wrap icon-right\" style=\"\" ><a href=\"#\" target=\"_self\" class=\"agrikole-button btn-1439166019 medium no_icon accent custom\" style=\"border-radius:5px;\"  data-text=\"#404a3d\" data-text-hover=\"#404a3d\" data-background-hover=\"#ffffff\">\r\n\t\t<span style=\"\">\u00dcR\u00dcNLER <\/span>\r\n\t<\/a><\/div><\/div>\r\n\t<div class=\"agrikole-spacer clearfix\" data-desktop=\"120\" data-mobi=\"60\" data-smobi=\"60\"><\/div>[\/vc_column][\/vc_row]<\/p>\n<\/div>","protected":false},"excerpt":{"rendered":"<p>[vc_row el_class=&#8221;overflow-visible&#8221;][vc_column][vc_row_inner][vc_column_inner width=&#8221;1\/2&#8243;][\/vc_column_inner][vc_column_inner width=&#8221;1\/2&#8243;][vc_column_text]Organik tar\u0131m, t\u00fcm canl\u0131lara ve \u00e7evreye \u00a0dost \u00fcretim sistemlerini i\u00e7eren; yeti\u015ftiricilikte, insana ve \u00e7evreye \u00a0zararl\u0131 sentetik kimyasal ila\u00e7, hormon ve g\u00fcbrenin kullan\u0131lmad\u0131\u011f\u0131 bir \u00a0tar\u0131m y\u00f6ntemi. Ancak organik tar\u0131m\u0131n, sadece tar\u0131msal girdi y\u00f6ntemiyle \u00a0s\u0131n\u0131rland\u0131r\u0131lmas\u0131 do\u011fru olmaz. Organik tar\u0131m, ayn\u0131 zamanda \u00e7ift\u00e7ili\u011fin \u00a0y\u00f6netiminden \u00fcr\u00fcnlerin pazarlanmas\u0131na kadar, kendi \u00f6zel prensip<\/p>\n","protected":false},"author":4,"featured_media":0,"parent":0,"menu_order":0,"comment_status":"closed","ping_status":"closed","template":"","meta":{"footnotes":""},"_links":{"self":[{"href":"https:\/\/stgendustri.com\/index.php?rest_route=\/wp\/v2\/pages\/1316"}],"collection":[{"href":"https:\/\/stgendustri.com\/index.php?rest_route=\/wp\/v2\/pages"}],"about":[{"href":"https:\/\/stgendustri.com\/index.php?rest_route=\/wp\/v2\/types\/page"}],"author":[{"embeddable":true,"href":"https:\/\/stgendustri.com\/index.php?rest_route=\/wp\/v2\/users\/4"}],"replies":[{"embeddable":true,"href":"https:\/\/stgendustri.com\/index.php?rest_route=%2Fwp%2Fv2%2Fcomments&post=1316"}],"version-history":[{"count":4,"href":"https:\/\/stgendustri.com\/index.php?rest_route=\/wp\/v2\/pages\/1316\/revisions"}],"predecessor-version":[{"id":14595,"href":"https:\/\/stgendustri.com\/index.php?rest_route=\/wp\/v2\/pages\/1316\/revisions\/14595"}],"wp:attachment":[{"href":"https:\/\/stgendustri.com\/index.php?rest_route=%2Fwp%2Fv2%2Fmedia&parent=1316"}],"curies":[{"name":"wp","href":"https:\/\/api.w.org\/{rel}","templated":true}]}}